{"id":53719,"date":"2022-04-11T17:11:24","date_gmt":"2022-04-11T21:11:24","guid":{"rendered":"https:\/\/bnhgenerators.com\/product\/kohler-power-reserve-15-kwh-dc-coupled-koh15dc-7600-01\/"},"modified":"2022-04-11T17:11:24","modified_gmt":"2022-04-11T21:11:24","slug":"kohler-power-reserve-15-kwh-dc-coupled-koh15dc-7600-01-2","status":"publish","type":"product","link":"https:\/\/bnhgenerators.com\/es\/producto\/kohler-power-reserve-15-kwh-dc-coupled-koh15dc-7600-01-2\/","title":{"rendered":"Rehlko (formerly Kohler) Power Reserve 15 KWH DC acoplado | KOH15DC-7600-01"},"content":{"rendered":"","protected":false},"excerpt":{"rendered":"<p>La reserva de energ\u00eda de Rehlko (formerly Kohler) mantiene su hogar con energ\u00eda durante los apagones, al mismo tiempo que brinda independencia energ\u00e9tica al almacenar el exceso de energ\u00eda solar para uso futuro. <\/p>\n<p>Piense en ello como una cuenta bancaria de energ\u00eda: deposita energ\u00eda solar y la usa como mejor le parezca. <\/p>\n<p>El sistema de almacenamiento de energ\u00eda Rehlko (formerly Kohler) Power Reserve puede mantener la energ\u00eda para art\u00edculos cr\u00edticos como refrigeradores, computadoras, televisores, luces y puertas de garaje cuando la red falla o para aplicaciones aut\u00f3nomas fuera de la red. El sistema tambi\u00e9n puede proporcionar un ahorro de costos automatizado a trav\u00e9s del arbitraje de tarifas de energ\u00eda y el control del flujo de energ\u00eda del sistema. <\/p>\n","protected":false},"featured_media":53320,"comment_status":"open","ping_status":"closed","template":"","meta":[],"product_cat":[1692,1694,1679],"product_tag":[],"_links":{"self":[{"href":"https:\/\/bnhgenerators.com\/es\/wp-json\/wp\/v2\/product\/53719"}],"collection":[{"href":"https:\/\/bnhgenerators.com\/es\/wp-json\/wp\/v2\/product"}],"about":[{"href":"https:\/\/bnhgenerators.com\/es\/wp-json\/wp\/v2\/types\/product"}],"replies":[{"embeddable":true,"href":"https:\/\/bnhgenerators.com\/es\/wp-json\/wp\/v2\/comments?post=53719"}],"version-history":[{"count":0,"href":"https:\/\/bnhgenerators.com\/es\/wp-json\/wp\/v2\/product\/53719\/revisions"}],"wp:featuredmedia":[{"embeddable":true,"href":"https:\/\/bnhgenerators.com\/es\/wp-json\/wp\/v2\/media\/53320"}],"wp:attachment":[{"href":"https:\/\/bnhgenerators.com\/es\/wp-json\/wp\/v2\/media?parent=53719"}],"wp:term":[{"taxonomy":"product_cat","embeddable":true,"href":"https:\/\/bnhgenerators.com\/es\/wp-json\/wp\/v2\/product_cat?post=53719"},{"taxonomy":"product_tag","embeddable":true,"href":"https:\/\/bnhgenerators.com\/es\/wp-json\/wp\/v2\/product_tag?post=53719"}],"curies":[{"name":"wp","href":"https:\/\/api.w.org\/{rel}","templated":true}]}}