{"id":53714,"date":"2022-04-09T23:05:37","date_gmt":"2022-04-10T03:05:37","guid":{"rendered":"https:\/\/bnhgenerators.com\/product\/kohler-200-amp-service-entrance-rdt-ats-rdt-cfnc-200ase-qs4\/"},"modified":"2022-04-09T23:05:37","modified_gmt":"2022-04-10T03:05:37","slug":"kohler-200-amp-service-entrance-rdt-ats-rdt-cfnc-200ase-qs4-2","status":"publish","type":"product","link":"https:\/\/bnhgenerators.com\/es\/producto\/kohler-200-amp-service-entrance-rdt-ats-rdt-cfnc-200ase-qs4-2\/","title":{"rendered":"Rehlko (formerly Kohler) 200 amperios, entrada de servicio RDT ATS | RDT-CFNC-200ASE-QS4"},"content":{"rendered":"","protected":false},"excerpt":{"rendered":"<p>Es el cerebro detr\u00e1s de su sistema generador. El interruptor de transferencia autom\u00e1tica (ATS) monitorea continuamente la energ\u00eda que proviene de su servicio p\u00fablico. Cuando se corta la energ\u00eda, el ATS transfiere autom\u00e1ticamente la energ\u00eda de la empresa de servicios p\u00fablicos a su generador. Cuando se restablece la energ\u00eda de la red p\u00fablica, el ATS apaga su generador y vuelve a transferir energ\u00eda desde la red p\u00fablica. <\/p>\n<p> Transfiere energ\u00eda autom\u00e1ticamente a su generador durante un apag\u00f3n <\/p>\n","protected":false},"featured_media":53179,"comment_status":"open","ping_status":"closed","template":"","meta":[],"product_cat":[1374,1394,1372,1351,1396,1365,740],"product_tag":[],"_links":{"self":[{"href":"https:\/\/bnhgenerators.com\/es\/wp-json\/wp\/v2\/product\/53714"}],"collection":[{"href":"https:\/\/bnhgenerators.com\/es\/wp-json\/wp\/v2\/product"}],"about":[{"href":"https:\/\/bnhgenerators.com\/es\/wp-json\/wp\/v2\/types\/product"}],"replies":[{"embeddable":true,"href":"https:\/\/bnhgenerators.com\/es\/wp-json\/wp\/v2\/comments?post=53714"}],"version-history":[{"count":0,"href":"https:\/\/bnhgenerators.com\/es\/wp-json\/wp\/v2\/product\/53714\/revisions"}],"wp:featuredmedia":[{"embeddable":true,"href":"https:\/\/bnhgenerators.com\/es\/wp-json\/wp\/v2\/media\/53179"}],"wp:attachment":[{"href":"https:\/\/bnhgenerators.com\/es\/wp-json\/wp\/v2\/media?parent=53714"}],"wp:term":[{"taxonomy":"product_cat","embeddable":true,"href":"https:\/\/bnhgenerators.com\/es\/wp-json\/wp\/v2\/product_cat?post=53714"},{"taxonomy":"product_tag","embeddable":true,"href":"https:\/\/bnhgenerators.com\/es\/wp-json\/wp\/v2\/product_tag?post=53714"}],"curies":[{"name":"wp","href":"https:\/\/api.w.org\/{rel}","templated":true}]}}