{"id":53231,"date":"2022-03-07T16:20:35","date_gmt":"2022-03-07T21:20:35","guid":{"rendered":"https:\/\/bnhgenerators.com\/product\/mcpherson-controls-150a-3pole-automatic-transfer-switch-ats3pc0150-22\/"},"modified":"2022-03-07T16:20:35","modified_gmt":"2022-03-07T21:20:35","slug":"mcpherson-controls-150a-3pole-automatic-transfer-switch-ats3pc0150-22-2","status":"publish","type":"product","link":"https:\/\/bnhgenerators.com\/es\/producto\/mcpherson-controls-150a-3pole-automatic-transfer-switch-ats3pc0150-22-2\/","title":{"rendered":"McPherson Controls | Interruptor de transferencia autom\u00e1tica de 3 polos de 150 A | ATS3PC0150-22"},"content":{"rendered":"","protected":false},"excerpt":{"rendered":"<p>El ATS3PC0150 es un nuevo interruptor de transferencia autom\u00e1tica ATS de dise\u00f1o modular con gabinete.<br \/>\n Ideal para sistemas de energ\u00eda residenciales, con corriente nominal de 125 A y voltaje nominal de 110 Vac o 220 Vac monof\u00e1sico para elegir, se opera el\u00e9ctricamente o manualmente y todas las piezas est\u00e1n fabricadas con pl\u00e1stico UL 94V-0 para los m\u00e1s altos est\u00e1ndares de seguridad.<br \/>\n Los indicadores LED brindan informaci\u00f3n de estado y condiciones de falla.<br \/>\n Ideal para generador de reserva u otras aplicaciones industriales.<br \/>\n Interruptor de transferencia autom\u00e1tica, 125 AMPS, 2 polos\/monof\u00e1sico, 50 Hz o 60 Hz, hasta 240 voltios, autom\u00e1tico con anulaci\u00f3n manual de emergencia, caja resistente a la intemperie NEMA 3R para uso en interiores o exteriores.<br \/>\n Ajustes del ejercitador del generador: apagado, d\u00eda, hora y minuto: una vez a la semana, una vez cada 2 semanas, una vez cada 3 semanas, una vez cada 4 semanas, sin carga o con carga.<\/p>\n<p>Las im\u00e1genes que se muestran son representativas y pueden no reflejar el modelo exacto u otras especificaciones.<\/p>\n","protected":false},"featured_media":47488,"comment_status":"open","ping_status":"closed","template":"","meta":[],"product_cat":[1394,1662,1372,1375,1395,1351,740],"product_tag":[],"_links":{"self":[{"href":"https:\/\/bnhgenerators.com\/es\/wp-json\/wp\/v2\/product\/53231"}],"collection":[{"href":"https:\/\/bnhgenerators.com\/es\/wp-json\/wp\/v2\/product"}],"about":[{"href":"https:\/\/bnhgenerators.com\/es\/wp-json\/wp\/v2\/types\/product"}],"replies":[{"embeddable":true,"href":"https:\/\/bnhgenerators.com\/es\/wp-json\/wp\/v2\/comments?post=53231"}],"version-history":[{"count":0,"href":"https:\/\/bnhgenerators.com\/es\/wp-json\/wp\/v2\/product\/53231\/revisions"}],"wp:featuredmedia":[{"embeddable":true,"href":"https:\/\/bnhgenerators.com\/es\/wp-json\/wp\/v2\/media\/47488"}],"wp:attachment":[{"href":"https:\/\/bnhgenerators.com\/es\/wp-json\/wp\/v2\/media?parent=53231"}],"wp:term":[{"taxonomy":"product_cat","embeddable":true,"href":"https:\/\/bnhgenerators.com\/es\/wp-json\/wp\/v2\/product_cat?post=53231"},{"taxonomy":"product_tag","embeddable":true,"href":"https:\/\/bnhgenerators.com\/es\/wp-json\/wp\/v2\/product_tag?post=53231"}],"curies":[{"name":"wp","href":"https:\/\/api.w.org\/{rel}","templated":true}]}}