{"id":52123,"date":"2022-02-22T22:34:41","date_gmt":"2022-02-23T03:34:41","guid":{"rendered":"https:\/\/bnhgenerators.com\/product\/k60u-kohler-sdmo-diesel-generator-59kw-with-soundproofed-enclosure\/"},"modified":"2022-06-07T19:46:36","modified_gmt":"2022-06-07T23:46:36","slug":"k60u-kohler-sdmo-diesel-generator-59kw-with-soundproofed-enclosure","status":"publish","type":"product","link":"https:\/\/bnhgenerators.com\/es\/producto\/k60u-kohler-sdmo-diesel-generator-59kw-with-soundproofed-enclosure\/","title":{"rendered":"Rehlko (formerly Kohler) SDMO 59KW Generador Diesel con Recinto Insonorizado | K60U"},"content":{"rendered":"","protected":false},"excerpt":{"rendered":"<p>Nivel de sonido optimizado, huella compacta: gran rendimiento, potencia confiable en condiciones extremas. Dise\u00f1ados para usuarios industriales, cubren un amplio campo de aplicaciones.<\/p>\n<p>Caracter\u00edsticas generales<\/p>\n<p>Este producto es solo para exportaci\u00f3n fuera de EE. UU.<br \/>\nMarca del motor Rehlko (formerly Kohler) KDI<br \/>\nTipo de motor KDI3404TM<br \/>\nClase de rendimiento G2<br \/>\nFrecuencia (Hz) 60 Hz<br \/>\nVoltaje est\u00e1ndar (V) 208\/120 \u2013 (estator reconectable de doce conductores)<br \/>\nPanel de control est\u00e1ndar APM303<\/p>\n<p>Descriptivo<\/p>\n<p>gobernador mecanico<br \/>\nChasis soldado mec\u00e1nicamente con suspensi\u00f3n antivibraci\u00f3n<br \/>\nPintura epoxi de alta durabilidad con certificado QUALICOAT, especialmente desarrollada para KOHLER-SDMO<br \/>\nDisyuntor de l\u00ednea principal<br \/>\nRadiador para temperatura interior de 48\/50\u00b0C max con ventilador mec\u00e1nico<br \/>\nBater\u00eda de arranque<br \/>\nAlternador de carga de 12 V y motor de arranque<br \/>\nEntregado con aceite y refrigerante -30\u00b0C<br \/>\nManual de uso e instalaci\u00f3n.<\/p>\n","protected":false},"featured_media":135831,"comment_status":"open","ping_status":"closed","template":"","meta":[],"product_cat":[736,1056,891,1087,894,1009,1053,1078,999,1010,837,872,1012,1013,768,1017,836,884,1018,1022,1023,1025,1026,1028,1030,851,1031,1033,1037,1038,1039,1040,1041,1042,1043,1044,1045,1046,1048,1049],"product_tag":[],"_links":{"self":[{"href":"https:\/\/bnhgenerators.com\/es\/wp-json\/wp\/v2\/product\/52123"}],"collection":[{"href":"https:\/\/bnhgenerators.com\/es\/wp-json\/wp\/v2\/product"}],"about":[{"href":"https:\/\/bnhgenerators.com\/es\/wp-json\/wp\/v2\/types\/product"}],"replies":[{"embeddable":true,"href":"https:\/\/bnhgenerators.com\/es\/wp-json\/wp\/v2\/comments?post=52123"}],"version-history":[{"count":0,"href":"https:\/\/bnhgenerators.com\/es\/wp-json\/wp\/v2\/product\/52123\/revisions"}],"wp:featuredmedia":[{"embeddable":true,"href":"https:\/\/bnhgenerators.com\/es\/wp-json\/wp\/v2\/media\/135831"}],"wp:attachment":[{"href":"https:\/\/bnhgenerators.com\/es\/wp-json\/wp\/v2\/media?parent=52123"}],"wp:term":[{"taxonomy":"product_cat","embeddable":true,"href":"https:\/\/bnhgenerators.com\/es\/wp-json\/wp\/v2\/product_cat?post=52123"},{"taxonomy":"product_tag","embeddable":true,"href":"https:\/\/bnhgenerators.com\/es\/wp-json\/wp\/v2\/product_tag?post=52123"}],"curies":[{"name":"wp","href":"https:\/\/api.w.org\/{rel}","templated":true}]}}