{"id":51851,"date":"2022-02-21T17:21:03","date_gmt":"2022-02-21T22:21:03","guid":{"rendered":"https:\/\/bnhgenerators.com\/product\/j100u-kohler-sdmo-diesel-generator-100kw-with-soundproofed-enclosure\/"},"modified":"2022-03-31T19:48:33","modified_gmt":"2022-03-31T23:48:33","slug":"j100u-kohler-sdmo-diesel-generator-100kw-with-soundproofed-enclosure","status":"publish","type":"product","link":"https:\/\/bnhgenerators.com\/es\/producto\/j100u-kohler-sdmo-diesel-generator-100kw-with-soundproofed-enclosure\/","title":{"rendered":"KOHLER SDMO 100KW Generador Diesel con Recinto Insonorizado | J100U"},"content":{"rendered":"","protected":false},"excerpt":{"rendered":"<p>          <span data-contrast=\"none\">Nivel de sonido optimizado, huella compacta: gran rendimiento, potencia confiable en condiciones extremas. Dise\u00f1ados para usuarios industriales, cubren un amplio campo de aplicaciones.<\/span><br \/>\n          <span data-ccp-props=\"{\"201341983\":0,\"335559739\":160,\"335559740\":259}\"> <\/span><\/p>\n<p>          <strong>Caracter\u00edsticas generales <\/strong><\/p>\n<ul>\n<li>Este producto es solo para exportaci\u00f3n fuera de EE. UU.<\/li>\n<li><span data-contrast=\"none\">Marca del motor<\/span> <span data-contrast=\"none\">JOHN DEERE<\/span><span data-ccp-props=\"{\"201341983\":0,\"335559739\":120,\"335559740\":259}\"> <\/span><\/li>\n<li><span data-contrast=\"none\">Tipo de motor<\/span> <span data-contrast=\"none\">4045HSG20<\/span><span data-ccp-props=\"{\"201341983\":0,\"335559739\":160,\"335559740\":259}\"> <\/span><\/li>\n<li><span data-contrast=\"none\">Clase de rendimiento<\/span> <span data-contrast=\"none\">G3<\/span><span data-ccp-props=\"{\"201341983\":0,\"335559739\":160,\"335559740\":259}\"> <\/span><\/li>\n<li><span data-contrast=\"none\">Frecuencia (Hz)<\/span> <span data-contrast=\"none\">60 Hz<\/span><span data-ccp-props=\"{\"201341983\":0,\"335559739\":160,\"335559740\":259}\"> <\/span><\/li>\n<li><span data-contrast=\"none\">Voltaje est\u00e1ndar (V)<\/span> <span data-contrast=\"none\">208\/120 \u2013 (estator reconectable de doce conductores)<\/span><span data-ccp-props=\"{\"201341983\":0,\"335559739\":160,\"335559740\":259}\"> <\/span><\/li>\n<li><span data-contrast=\"none\">Panel de control est\u00e1ndar<\/span> <span data-contrast=\"none\">APM303<\/span><span data-ccp-props=\"{\"201341983\":0,\"335559739\":160,\"335559740\":259}\"> <\/span><\/li>\n<\/ul>\n<p>          <strong>Descriptivo <\/strong><\/p>\n<ul>\n<li><span data-contrast=\"auto\">gobernador mecanico<\/span> <span data-ccp-props=\"{\"201341983\":0,\"335559739\":120,\"335559740\":259}\"> <\/span><\/li>\n<li><span data-contrast=\"auto\">Chasis soldado mec\u00e1nicamente con suspensi\u00f3n antivibraci\u00f3n<\/span> <span data-ccp-props=\"{\"201341983\":0,\"335559739\":160,\"335559740\":259}\"> <\/span><\/li>\n<li><span data-contrast=\"auto\">Pintura epoxi de alta durabilidad con certificado QUALICOAT, especialmente desarrollada para KOHLER-SDMO<\/span><span data-ccp-props=\"{\"201341983\":0,\"335559739\":160,\"335559740\":259}\"> <\/span><\/li>\n<li><span data-contrast=\"auto\">Disyuntor de l\u00ednea principal<\/span> <span data-ccp-props=\"{\"201341983\":0,\"335559739\":160,\"335559740\":259}\"> <\/span><\/li>\n<li><span data-contrast=\"auto\">Radiador para temperatura interior de 48\/50\u00b0C max con ventilador mec\u00e1nico<\/span> <span data-ccp-props=\"{\"201341983\":0,\"335559739\":160,\"335559740\":259}\"> <\/span><\/li>\n<li><span data-contrast=\"auto\">Bater\u00eda de arranque <\/span> <span data-ccp-props=\"{\"201341983\":0,\"335559739\":160,\"335559740\":259}\"> <\/span><\/li>\n<li><span data-contrast=\"auto\">Alternador de carga de 12 V y motor de arranque<\/span> <span data-ccp-props=\"{\"201341983\":0,\"335559739\":160,\"335559740\":259}\"> <\/span><\/li>\n<li><span data-contrast=\"auto\">Entregado con aceite y refrigerante -30\u00b0C<\/span> <span data-ccp-props=\"{\"201341983\":0,\"335559739\":160,\"335559740\":259}\"> <\/span><\/li>\n<li><span data-contrast=\"auto\">Manual de uso e instalaci\u00f3n.<\/span><span data-ccp-props=\"{\"201341983\":0,\"335559739\":160,\"335559740\":259}\"> <\/span><\/li>\n<\/ul>\n","protected":false},"featured_media":136189,"comment_status":"open","ping_status":"closed","template":"","meta":[],"product_cat":[736,839,768],"product_tag":[],"_links":{"self":[{"href":"https:\/\/bnhgenerators.com\/es\/wp-json\/wp\/v2\/product\/51851"}],"collection":[{"href":"https:\/\/bnhgenerators.com\/es\/wp-json\/wp\/v2\/product"}],"about":[{"href":"https:\/\/bnhgenerators.com\/es\/wp-json\/wp\/v2\/types\/product"}],"replies":[{"embeddable":true,"href":"https:\/\/bnhgenerators.com\/es\/wp-json\/wp\/v2\/comments?post=51851"}],"version-history":[{"count":0,"href":"https:\/\/bnhgenerators.com\/es\/wp-json\/wp\/v2\/product\/51851\/revisions"}],"wp:featuredmedia":[{"embeddable":true,"href":"https:\/\/bnhgenerators.com\/es\/wp-json\/wp\/v2\/media\/136189"}],"wp:attachment":[{"href":"https:\/\/bnhgenerators.com\/es\/wp-json\/wp\/v2\/media?parent=51851"}],"wp:term":[{"taxonomy":"product_cat","embeddable":true,"href":"https:\/\/bnhgenerators.com\/es\/wp-json\/wp\/v2\/product_cat?post=51851"},{"taxonomy":"product_tag","embeddable":true,"href":"https:\/\/bnhgenerators.com\/es\/wp-json\/wp\/v2\/product_tag?post=51851"}],"curies":[{"name":"wp","href":"https:\/\/api.w.org\/{rel}","templated":true}]}}