{"id":44745,"date":"2022-02-03T17:20:24","date_gmt":"2022-02-03T22:20:24","guid":{"rendered":"https:\/\/bnhgenerators.com\/product\/kohler-9kw-1-phase-diesel-marine-generator-with-sound-shield-enclosure-9efkozd\/"},"modified":"2022-03-08T22:15:28","modified_gmt":"2022-03-09T03:15:28","slug":"kohler-9kw-1-phase-diesel-marine-generator-with-sound-shield-enclosure-9efkozd","status":"publish","type":"product","link":"https:\/\/bnhgenerators.com\/es\/producto\/kohler-9kw-1-phase-diesel-marine-generator-with-sound-shield-enclosure-9efkozd\/","title":{"rendered":"Rehlko (formerly Kohler) 9KW, Generador marino di\u00e9sel monof\u00e1sico con caja de protecci\u00f3n ac\u00fastica | 9EFKOZD"},"content":{"rendered":"","protected":false},"excerpt":{"rendered":"<p>Energ\u00eda para uso marino, silenciosa y confiable, que cumple con los requerimimientos de &#8220;no contaminaci\u00f3n&#8221; de su embarcaci\u00f3n, con una red de soporte global.<\/p>\n<ul>\n<li>Frecuencia 50 Hz<\/li>\n<li>kW 9<\/li>\n<li>Controlador ADC IId Control digital avanzado<\/li>\n<li>Tipo de combustible Di\u00e9sel<\/li>\n<li>Tipo de alternador 4 polos, campo giratorio\u00b7 Fabricante del motor Kohler<\/li>\n<\/ul>\n<p><strong>CARACTER\u00cdSTICAS DEL MOTOR<\/strong><\/p>\n<ul>\n<li>Certificado por la Agencia de Protecci\u00f3n Ambiental (EPA) para cumplir con los est\u00e1ndares auxiliares marinos Tier III.<\/li>\n<li>Sistema de refrigeraci\u00f3n cerrado<\/li>\n<li>Intercambiador de calor<\/li>\n<li>V\u00e1lvula de drenaje de aceite<\/li>\n<\/ul>\n<p><strong>CARACTER\u00cdSTICAS DEL GENERADOR<\/strong><\/p>\n<ul>\n<li>Conector de arranque remoto de 12 pines<\/li>\n<li>Regulaci\u00f3n de voltaje de \u00b11.0%<\/li>\n<li>El rotor y el estator est\u00e1n recubiertos con un barniz epoxi de alta adherencia. El barniz ayuda a prevenir la corrosi\u00f3n en \u00e1reas de alta humedad.<\/li>\n<li>Los devanados de cobre garantizan una m\u00ednima acumulaci\u00f3n de calor. El aislamiento cumple con los est\u00e1ndares NEMA para aislamiento clase H.<\/li>\n<li>Conectado directamente al motor, el generador tiene rodamientos de bolas de precisi\u00f3n sellados con un manguito de acero maquinado con precisi\u00f3n en el soporte del extremo para evitar la desalineaci\u00f3n del eje y prolongar la vida \u00fatil del rodamiento.<\/li>\n<\/ul>\n","protected":false},"featured_media":44344,"comment_status":"open","ping_status":"closed","template":"","meta":[],"product_cat":[736,1056,890,1088,893,1556,1053,1009,1560,1711,1557,1010,880,1000,1012,767,1013,1077,1558,1017,1018,1559,1022,1023,1025,1026,857,1028,1030,851,1031,1033,1037,1038,1039,1040,1041,1042,1043,1044,1045,1046,1048,1049],"product_tag":[],"_links":{"self":[{"href":"https:\/\/bnhgenerators.com\/es\/wp-json\/wp\/v2\/product\/44745"}],"collection":[{"href":"https:\/\/bnhgenerators.com\/es\/wp-json\/wp\/v2\/product"}],"about":[{"href":"https:\/\/bnhgenerators.com\/es\/wp-json\/wp\/v2\/types\/product"}],"replies":[{"embeddable":true,"href":"https:\/\/bnhgenerators.com\/es\/wp-json\/wp\/v2\/comments?post=44745"}],"version-history":[{"count":0,"href":"https:\/\/bnhgenerators.com\/es\/wp-json\/wp\/v2\/product\/44745\/revisions"}],"wp:featuredmedia":[{"embeddable":true,"href":"https:\/\/bnhgenerators.com\/es\/wp-json\/wp\/v2\/media\/44344"}],"wp:attachment":[{"href":"https:\/\/bnhgenerators.com\/es\/wp-json\/wp\/v2\/media?parent=44745"}],"wp:term":[{"taxonomy":"product_cat","embeddable":true,"href":"https:\/\/bnhgenerators.com\/es\/wp-json\/wp\/v2\/product_cat?post=44745"},{"taxonomy":"product_tag","embeddable":true,"href":"https:\/\/bnhgenerators.com\/es\/wp-json\/wp\/v2\/product_tag?post=44745"}],"curies":[{"name":"wp","href":"https:\/\/api.w.org\/{rel}","templated":true}]}}